{"id":85,"date":"2016-06-05T16:48:06","date_gmt":"2016-06-05T16:48:06","guid":{"rendered":"http:\/\/www.eyscargo.com\/?page_id=85"},"modified":"2016-06-05T16:49:45","modified_gmt":"2016-06-05T16:49:45","slug":"transporte","status":"publish","type":"page","link":"https:\/\/www.eyscargo.com\/index.php\/transporte\/","title":{"rendered":"TRANSPORTE"},"content":{"rendered":"<p>Ofrecemos Soluciones adaptadas a su negocio, atendiendo sus necesidades de carga, proveyendo los medios de transporte m\u00e1s adecuados, garantiz\u00e1ndole un control eficiente y constante informaci\u00f3n sobre su carga. Trasladamos su mercader\u00eda con las m\u00e1ximas garant\u00edas de seguridad desde un punto de origen a un punto de destino. Usamos software <strong>ERP<\/strong>, <strong>Comercosys<\/strong>, y sistema de localizaci\u00f3n GPS para brindarle rapidez, control y seguridad en su carga.<\/p>\n<p><strong>Brindamos soluciones en modos de transporte, a nivel local, nacional e internacional:<\/strong><\/p>\n<table border=\"0\" width=\"400\" cellspacing=\"1\" cellpadding=\"1\">\n<tbody>\n<tr>\n<td>\n<ul>\n<li>Terrestre<\/li>\n<li>Fluvial<\/li>\n<\/ul>\n<\/td>\n<td>\n<ul>\n<li>Mar\u00edtimo<\/li>\n<li>A\u00e9reo<\/li>\n<\/ul>\n<\/td>\n<\/tr>\n<\/tbody>\n<\/table>\n","protected":false},"excerpt":{"rendered":"<p>Ofrecemos Soluciones adaptadas a su negocio, atendiendo sus necesidades de carga, proveyendo los medios de transporte m\u00e1s adecuados, garantiz\u00e1ndole un control eficiente y constante informaci\u00f3n sobre su carga. Trasladamos su mercader\u00eda con las m\u00e1ximas garant\u00edas de seguridad desde un punto de origen a un punto de destino. Usamos software ERP, Comercosys, y sistema de localizaci\u00f3n &hellip; <a href=\"https:\/\/www.eyscargo.com\/index.php\/transporte\/\" class=\"more-link\">Continuar leyendo<span class=\"screen-reader-text\"> \u00abTRANSPORTE\u00bb<\/span><\/a><\/p>\n","protected":false},"author":1,"featured_media":0,"parent":0,"menu_order":0,"comment_status":"closed","ping_status":"closed","template":"","meta":{"footnotes":""},"class_list":["post-85","page","type-page","status-publish","hentry"],"_links":{"self":[{"href":"https:\/\/www.eyscargo.com\/index.php\/wp-json\/wp\/v2\/pages\/85","targetHints":{"allow":["GET"]}}],"collection":[{"href":"https:\/\/www.eyscargo.com\/index.php\/wp-json\/wp\/v2\/pages"}],"about":[{"href":"https:\/\/www.eyscargo.com\/index.php\/wp-json\/wp\/v2\/types\/page"}],"author":[{"embeddable":true,"href":"https:\/\/www.eyscargo.com\/index.php\/wp-json\/wp\/v2\/users\/1"}],"replies":[{"embeddable":true,"href":"https:\/\/www.eyscargo.com\/index.php\/wp-json\/wp\/v2\/comments?post=85"}],"version-history":[{"count":3,"href":"https:\/\/www.eyscargo.com\/index.php\/wp-json\/wp\/v2\/pages\/85\/revisions"}],"predecessor-version":[{"id":89,"href":"https:\/\/www.eyscargo.com\/index.php\/wp-json\/wp\/v2\/pages\/85\/revisions\/89"}],"wp:attachment":[{"href":"https:\/\/www.eyscargo.com\/index.php\/wp-json\/wp\/v2\/media?parent=85"}],"curies":[{"name":"wp","href":"https:\/\/api.w.org\/{rel}","templated":true}]}}